{"id":40,"date":"2024-12-15T22:55:00","date_gmt":"2024-12-15T21:55:00","guid":{"rendered":"https:\/\/realfsenslinoljemaling.no\/?page_id=40"},"modified":"2024-12-29T19:42:48","modified_gmt":"2024-12-29T18:42:48","slug":"om","status":"publish","type":"page","link":"https:\/\/realfsenslinoljemaling.no\/index.php\/om\/","title":{"rendered":"Om Realfsens linoljemaling"},"content":{"rendered":"\n<div class=\"wp-block-group alignfull is-style-section-1 has-global-padding is-layout-constrained wp-block-group-is-layout-constrained is-style-section-1--1\" style=\"margin-top:0;margin-bottom:0;padding-top:var(--wp--preset--spacing--80);padding-bottom:var(--wp--preset--spacing--80)\">\n<div class=\"wp-block-columns alignwide is-layout-flex wp-container-core-columns-is-layout-66fad18a wp-block-columns-is-layout-flex\">\n<div class=\"wp-block-column is-layout-flow wp-block-column-is-layout-flow\" style=\"padding-right:var(--wp--preset--spacing--50);flex-basis:45%\">\n<figure class=\"wp-block-image size-full\"><img loading=\"lazy\" decoding=\"async\" width=\"768\" height=\"1024\" src=\"https:\/\/realfsenslinoljemaling.no\/wp-content\/uploads\/2024\/12\/2cb8cdaf-649e-478c-8b3e-f462f9a76516.jpg\" alt=\"\" class=\"wp-image-30\" srcset=\"https:\/\/realfsenslinoljemaling.no\/wp-content\/uploads\/2024\/12\/2cb8cdaf-649e-478c-8b3e-f462f9a76516.jpg 768w, https:\/\/realfsenslinoljemaling.no\/wp-content\/uploads\/2024\/12\/2cb8cdaf-649e-478c-8b3e-f462f9a76516-225x300.jpg 225w\" sizes=\"auto, (max-width: 768px) 100vw, 768px\" \/><\/figure>\n\n\n\n<div class=\"wp-block-group has-global-padding is-layout-constrained wp-block-group-is-layout-constrained\" style=\"margin-top:-12vw\">\n<figure class=\"wp-block-image alignright size-full is-resized\" style=\"margin-right:-5vw;margin-left:-5vw\"><img loading=\"lazy\" decoding=\"async\" width=\"768\" height=\"1024\" src=\"https:\/\/realfsenslinoljemaling.no\/wp-content\/uploads\/2024\/12\/58cf3268-4748-45c1-9822-5a2c09dbbba5.jpg\" alt=\"\" class=\"wp-image-31\" style=\"width:202px\" srcset=\"https:\/\/realfsenslinoljemaling.no\/wp-content\/uploads\/2024\/12\/58cf3268-4748-45c1-9822-5a2c09dbbba5.jpg 768w, https:\/\/realfsenslinoljemaling.no\/wp-content\/uploads\/2024\/12\/58cf3268-4748-45c1-9822-5a2c09dbbba5-225x300.jpg 225w\" sizes=\"auto, (max-width: 768px) 100vw, 768px\" \/><\/figure>\n<\/div>\n<\/div>\n\n\n\n<div class=\"wp-block-column is-vertically-aligned-center is-layout-flow wp-block-column-is-layout-flow\" style=\"padding-right:0;padding-left:0;flex-basis:50%\">\n<div class=\"wp-block-group is-vertical is-layout-flex wp-container-core-group-is-layout-fe9cc265 wp-block-group-is-layout-flex\">\n<h2 class=\"wp-block-heading is-style-text-annotation is-style-text-annotation--2\">Om oss<\/h2>\n<\/div>\n\n\n\n<p class=\"is-style-text-subtitle is-style-text-subtitle--3\">Et \u00f8nske om en lokal mulighet for \u00e5 kj\u00f8pe produkter av milj\u00f8vennlige malings produkter ble til en liten butikk i en kjeller i lille Lillesand i Agder fylke. Her finner man et rikt sortiment av linolje-produkter fra den svenske levrand\u00f8ren Allb\u00e4ck. Dette drives av Margit, som er lidenskapelig opptatt av gamle hus og bygningsmilj\u00f8er. Det er viktig for henne at produktene er milj\u00f8vennlige.<\/p>\n<\/div>\n<\/div>\n<\/div>\n\n\n\n<div class=\"wp-block-group alignfull has-global-padding is-layout-constrained wp-container-core-group-is-layout-ebee8dc1 wp-block-group-is-layout-constrained\" style=\"margin-top:0;margin-bottom:0;padding-top:var(--wp--preset--spacing--50);padding-bottom:var(--wp--preset--spacing--50)\">\n<h2 class=\"wp-block-heading alignwide\">V\u00e5re tjenester<\/h2>\n\n\n\n<div class=\"wp-block-columns alignwide is-layout-flex wp-container-core-columns-is-layout-28f84493 wp-block-columns-is-layout-flex\">\n<div class=\"wp-block-column is-layout-flow wp-block-column-is-layout-flow\">\n<figure class=\"wp-block-image size-full\" style=\"margin-bottom:24px\"><img loading=\"lazy\" decoding=\"async\" width=\"1024\" height=\"768\" src=\"https:\/\/realfsenslinoljemaling.no\/wp-content\/uploads\/2024\/12\/c87d66f1-f691-4fab-b287-3e73ff859729.jpg\" alt=\"\" class=\"wp-image-32\" style=\"aspect-ratio:4\/3;object-fit:cover\" srcset=\"https:\/\/realfsenslinoljemaling.no\/wp-content\/uploads\/2024\/12\/c87d66f1-f691-4fab-b287-3e73ff859729.jpg 1024w, https:\/\/realfsenslinoljemaling.no\/wp-content\/uploads\/2024\/12\/c87d66f1-f691-4fab-b287-3e73ff859729-300x225.jpg 300w, https:\/\/realfsenslinoljemaling.no\/wp-content\/uploads\/2024\/12\/c87d66f1-f691-4fab-b287-3e73ff859729-768x576.jpg 768w\" sizes=\"auto, (max-width: 1024px) 100vw, 1024px\" \/><\/figure>\n\n\n\n<h3 class=\"wp-block-heading\"><a href=\"https:\/\/realfsenslinoljemaling.no\/index.php\/produkter-3\/\">Produkter<\/a><\/h3>\n\n\n\n<p class=\"has-medium-font-size\">Produkter av god kvalitet levert av Allb\u00e4ck. Jeg selger produkter som linoljemaling, voks og linoljer til bruk inne og ute. I tillegg selger jeg tilbeh\u00f8r til maling som koster og ruller.<\/p>\n<\/div>\n\n\n\n<div class=\"wp-block-column is-layout-flow wp-block-column-is-layout-flow\">\n<figure class=\"wp-block-image size-full\" style=\"margin-bottom:24px\"><img loading=\"lazy\" decoding=\"async\" width=\"768\" height=\"1024\" src=\"https:\/\/realfsenslinoljemaling.no\/wp-content\/uploads\/2024\/12\/ac0c0609-a0d6-41d3-a94a-e9a90425dfd1.jpg\" alt=\"\" class=\"wp-image-29\" style=\"aspect-ratio:4\/3;object-fit:cover\" srcset=\"https:\/\/realfsenslinoljemaling.no\/wp-content\/uploads\/2024\/12\/ac0c0609-a0d6-41d3-a94a-e9a90425dfd1.jpg 768w, https:\/\/realfsenslinoljemaling.no\/wp-content\/uploads\/2024\/12\/ac0c0609-a0d6-41d3-a94a-e9a90425dfd1-225x300.jpg 225w\" sizes=\"auto, (max-width: 768px) 100vw, 768px\" \/><\/figure>\n\n\n\n<h3 class=\"wp-block-heading\"><a href=\"https:\/\/realfsenslinoljemaling.no\/index.php\/butikk\/\">Butikk<\/a><\/h3>\n\n\n\n<p class=\"has-medium-font-size\">Jeg har forel\u00f8pig ikke nettbutikk og sender ikke varer. Men ikke n\u00f8l med \u00e5 ta kontakt &#8211; kan v\u00e6re vi finner en l\u00f8sning.<\/p>\n<\/div>\n\n\n\n<div class=\"wp-block-column is-layout-flow wp-block-column-is-layout-flow\">\n<figure class=\"wp-block-image size-full\" style=\"margin-bottom:24px\"><img loading=\"lazy\" decoding=\"async\" width=\"734\" height=\"520\" src=\"https:\/\/realfsenslinoljemaling.no\/wp-content\/uploads\/2024\/12\/Skjermbilde-2024-10-17-183810.png\" alt=\"\" class=\"wp-image-114\" style=\"aspect-ratio:4\/3;object-fit:cover\" srcset=\"https:\/\/realfsenslinoljemaling.no\/wp-content\/uploads\/2024\/12\/Skjermbilde-2024-10-17-183810.png 734w, https:\/\/realfsenslinoljemaling.no\/wp-content\/uploads\/2024\/12\/Skjermbilde-2024-10-17-183810-300x213.png 300w\" sizes=\"auto, (max-width: 734px) 100vw, 734px\" \/><\/figure>\n\n\n\n<h3 class=\"wp-block-heading\">Linolje<\/h3>\n\n\n\n<p class=\"has-medium-font-size\">Kommer&#8230;<\/p>\n<\/div>\n<\/div>\n<\/div>\n","protected":false},"excerpt":{"rendered":"<p>Om oss Et \u00f8nske om en lokal mulighet for \u00e5 kj\u00f8pe produkter av milj\u00f8vennlige malings produkter ble til en liten butikk i en kjeller i lille Lillesand i Agder fylke. Her finner man et rikt sortiment av linolje-produkter fra den svenske levrand\u00f8ren Allb\u00e4ck. Dette drives av Margit, som er lidenskapelig opptatt av gamle hus og [&hellip;]<\/p>\n","protected":false},"author":1,"featured_media":33,"parent":0,"menu_order":0,"comment_status":"closed","ping_status":"closed","template":"","meta":{"footnotes":""},"class_list":["post-40","page","type-page","status-publish","has-post-thumbnail","hentry"],"yoast_head":"<!-- This site is optimized with the Yoast SEO plugin v26.1 - https:\/\/yoast.com\/wordpress\/plugins\/seo\/ -->\n<title>Om Realfsens linoljemaling - Realfsens Linoljemaling<\/title>\n<meta name=\"robots\" content=\"index, follow, max-snippet:-1, max-image-preview:large, max-video-preview:-1\" \/>\n<link rel=\"canonical\" href=\"https:\/\/realfsenslinoljemaling.no\/index.php\/om\/\" \/>\n<meta property=\"og:locale\" content=\"nb_NO\" \/>\n<meta property=\"og:type\" content=\"article\" \/>\n<meta property=\"og:title\" content=\"Om Realfsens linoljemaling - Realfsens Linoljemaling\" \/>\n<meta property=\"og:description\" content=\"Om oss Et \u00f8nske om en lokal mulighet for \u00e5 kj\u00f8pe produkter av milj\u00f8vennlige malings produkter ble til en liten butikk i en kjeller i lille Lillesand i Agder fylke. Her finner man et rikt sortiment av linolje-produkter fra den svenske levrand\u00f8ren Allb\u00e4ck. Dette drives av Margit, som er lidenskapelig opptatt av gamle hus og [&hellip;]\" \/>\n<meta property=\"og:url\" content=\"https:\/\/realfsenslinoljemaling.no\/index.php\/om\/\" \/>\n<meta property=\"og:site_name\" content=\"Realfsens Linoljemaling\" \/>\n<meta property=\"article:modified_time\" content=\"2024-12-29T18:42:48+00:00\" \/>\n<meta property=\"og:image\" content=\"https:\/\/realfsenslinoljemaling.no\/wp-content\/uploads\/2024\/12\/9adf8c2d-5ec0-45d8-b476-698673e014a0.jpg\" \/>\n\t<meta property=\"og:image:width\" content=\"819\" \/>\n\t<meta property=\"og:image:height\" content=\"1024\" \/>\n\t<meta property=\"og:image:type\" content=\"image\/jpeg\" \/>\n<meta name=\"twitter:card\" content=\"summary_large_image\" \/>\n<meta name=\"twitter:label1\" content=\"Ansl. lesetid\" \/>\n\t<meta name=\"twitter:data1\" content=\"2 minutter\" \/>\n<script type=\"application\/ld+json\" class=\"yoast-schema-graph\">{\"@context\":\"https:\/\/schema.org\",\"@graph\":[{\"@type\":\"WebPage\",\"@id\":\"https:\/\/realfsenslinoljemaling.no\/index.php\/om\/\",\"url\":\"https:\/\/realfsenslinoljemaling.no\/index.php\/om\/\",\"name\":\"Om Realfsens linoljemaling - Realfsens Linoljemaling\",\"isPartOf\":{\"@id\":\"https:\/\/realfsenslinoljemaling.no\/#website\"},\"primaryImageOfPage\":{\"@id\":\"https:\/\/realfsenslinoljemaling.no\/index.php\/om\/#primaryimage\"},\"image\":{\"@id\":\"https:\/\/realfsenslinoljemaling.no\/index.php\/om\/#primaryimage\"},\"thumbnailUrl\":\"https:\/\/realfsenslinoljemaling.no\/wp-content\/uploads\/2024\/12\/9adf8c2d-5ec0-45d8-b476-698673e014a0.jpg\",\"datePublished\":\"2024-12-15T21:55:00+00:00\",\"dateModified\":\"2024-12-29T18:42:48+00:00\",\"breadcrumb\":{\"@id\":\"https:\/\/realfsenslinoljemaling.no\/index.php\/om\/#breadcrumb\"},\"inLanguage\":\"nb-NO\",\"potentialAction\":[{\"@type\":\"ReadAction\",\"target\":[\"https:\/\/realfsenslinoljemaling.no\/index.php\/om\/\"]}]},{\"@type\":\"ImageObject\",\"inLanguage\":\"nb-NO\",\"@id\":\"https:\/\/realfsenslinoljemaling.no\/index.php\/om\/#primaryimage\",\"url\":\"https:\/\/realfsenslinoljemaling.no\/wp-content\/uploads\/2024\/12\/9adf8c2d-5ec0-45d8-b476-698673e014a0.jpg\",\"contentUrl\":\"https:\/\/realfsenslinoljemaling.no\/wp-content\/uploads\/2024\/12\/9adf8c2d-5ec0-45d8-b476-698673e014a0.jpg\",\"width\":819,\"height\":1024},{\"@type\":\"BreadcrumbList\",\"@id\":\"https:\/\/realfsenslinoljemaling.no\/index.php\/om\/#breadcrumb\",\"itemListElement\":[{\"@type\":\"ListItem\",\"position\":1,\"name\":\"Hjem\",\"item\":\"https:\/\/realfsenslinoljemaling.no\/\"},{\"@type\":\"ListItem\",\"position\":2,\"name\":\"Om Realfsens linoljemaling\"}]},{\"@type\":\"WebSite\",\"@id\":\"https:\/\/realfsenslinoljemaling.no\/#website\",\"url\":\"https:\/\/realfsenslinoljemaling.no\/\",\"name\":\"Realfsens Linoljemaling\",\"description\":\"\",\"potentialAction\":[{\"@type\":\"SearchAction\",\"target\":{\"@type\":\"EntryPoint\",\"urlTemplate\":\"https:\/\/realfsenslinoljemaling.no\/?s={search_term_string}\"},\"query-input\":{\"@type\":\"PropertyValueSpecification\",\"valueRequired\":true,\"valueName\":\"search_term_string\"}}],\"inLanguage\":\"nb-NO\"}]}<\/script>\n<!-- \/ Yoast SEO plugin. -->","yoast_head_json":{"title":"Om Realfsens linoljemaling - Realfsens Linoljemaling","robots":{"index":"index","follow":"follow","max-snippet":"max-snippet:-1","max-image-preview":"max-image-preview:large","max-video-preview":"max-video-preview:-1"},"canonical":"https:\/\/realfsenslinoljemaling.no\/index.php\/om\/","og_locale":"nb_NO","og_type":"article","og_title":"Om Realfsens linoljemaling - Realfsens Linoljemaling","og_description":"Om oss Et \u00f8nske om en lokal mulighet for \u00e5 kj\u00f8pe produkter av milj\u00f8vennlige malings produkter ble til en liten butikk i en kjeller i lille Lillesand i Agder fylke. Her finner man et rikt sortiment av linolje-produkter fra den svenske levrand\u00f8ren Allb\u00e4ck. Dette drives av Margit, som er lidenskapelig opptatt av gamle hus og [&hellip;]","og_url":"https:\/\/realfsenslinoljemaling.no\/index.php\/om\/","og_site_name":"Realfsens Linoljemaling","article_modified_time":"2024-12-29T18:42:48+00:00","og_image":[{"width":819,"height":1024,"url":"https:\/\/realfsenslinoljemaling.no\/wp-content\/uploads\/2024\/12\/9adf8c2d-5ec0-45d8-b476-698673e014a0.jpg","type":"image\/jpeg"}],"twitter_card":"summary_large_image","twitter_misc":{"Ansl. lesetid":"2 minutter"},"schema":{"@context":"https:\/\/schema.org","@graph":[{"@type":"WebPage","@id":"https:\/\/realfsenslinoljemaling.no\/index.php\/om\/","url":"https:\/\/realfsenslinoljemaling.no\/index.php\/om\/","name":"Om Realfsens linoljemaling - Realfsens Linoljemaling","isPartOf":{"@id":"https:\/\/realfsenslinoljemaling.no\/#website"},"primaryImageOfPage":{"@id":"https:\/\/realfsenslinoljemaling.no\/index.php\/om\/#primaryimage"},"image":{"@id":"https:\/\/realfsenslinoljemaling.no\/index.php\/om\/#primaryimage"},"thumbnailUrl":"https:\/\/realfsenslinoljemaling.no\/wp-content\/uploads\/2024\/12\/9adf8c2d-5ec0-45d8-b476-698673e014a0.jpg","datePublished":"2024-12-15T21:55:00+00:00","dateModified":"2024-12-29T18:42:48+00:00","breadcrumb":{"@id":"https:\/\/realfsenslinoljemaling.no\/index.php\/om\/#breadcrumb"},"inLanguage":"nb-NO","potentialAction":[{"@type":"ReadAction","target":["https:\/\/realfsenslinoljemaling.no\/index.php\/om\/"]}]},{"@type":"ImageObject","inLanguage":"nb-NO","@id":"https:\/\/realfsenslinoljemaling.no\/index.php\/om\/#primaryimage","url":"https:\/\/realfsenslinoljemaling.no\/wp-content\/uploads\/2024\/12\/9adf8c2d-5ec0-45d8-b476-698673e014a0.jpg","contentUrl":"https:\/\/realfsenslinoljemaling.no\/wp-content\/uploads\/2024\/12\/9adf8c2d-5ec0-45d8-b476-698673e014a0.jpg","width":819,"height":1024},{"@type":"BreadcrumbList","@id":"https:\/\/realfsenslinoljemaling.no\/index.php\/om\/#breadcrumb","itemListElement":[{"@type":"ListItem","position":1,"name":"Hjem","item":"https:\/\/realfsenslinoljemaling.no\/"},{"@type":"ListItem","position":2,"name":"Om Realfsens linoljemaling"}]},{"@type":"WebSite","@id":"https:\/\/realfsenslinoljemaling.no\/#website","url":"https:\/\/realfsenslinoljemaling.no\/","name":"Realfsens Linoljemaling","description":"","potentialAction":[{"@type":"SearchAction","target":{"@type":"EntryPoint","urlTemplate":"https:\/\/realfsenslinoljemaling.no\/?s={search_term_string}"},"query-input":{"@type":"PropertyValueSpecification","valueRequired":true,"valueName":"search_term_string"}}],"inLanguage":"nb-NO"}]}},"_links":{"self":[{"href":"https:\/\/realfsenslinoljemaling.no\/index.php\/wp-json\/wp\/v2\/pages\/40","targetHints":{"allow":["GET"]}}],"collection":[{"href":"https:\/\/realfsenslinoljemaling.no\/index.php\/wp-json\/wp\/v2\/pages"}],"about":[{"href":"https:\/\/realfsenslinoljemaling.no\/index.php\/wp-json\/wp\/v2\/types\/page"}],"author":[{"embeddable":true,"href":"https:\/\/realfsenslinoljemaling.no\/index.php\/wp-json\/wp\/v2\/users\/1"}],"replies":[{"embeddable":true,"href":"https:\/\/realfsenslinoljemaling.no\/index.php\/wp-json\/wp\/v2\/comments?post=40"}],"version-history":[{"count":6,"href":"https:\/\/realfsenslinoljemaling.no\/index.php\/wp-json\/wp\/v2\/pages\/40\/revisions"}],"predecessor-version":[{"id":146,"href":"https:\/\/realfsenslinoljemaling.no\/index.php\/wp-json\/wp\/v2\/pages\/40\/revisions\/146"}],"wp:featuredmedia":[{"embeddable":true,"href":"https:\/\/realfsenslinoljemaling.no\/index.php\/wp-json\/wp\/v2\/media\/33"}],"wp:attachment":[{"href":"https:\/\/realfsenslinoljemaling.no\/index.php\/wp-json\/wp\/v2\/media?parent=40"}],"curies":[{"name":"wp","href":"https:\/\/api.w.org\/{rel}","templated":true}]}}